{"id":2,"date":"2012-03-27T19:12:04","date_gmt":"2012-03-27T19:12:04","guid":{"rendered":"http:\/\/www.megroz.net\/blog\/?page_id=2"},"modified":"2024-01-21T19:07:06","modified_gmt":"2024-01-21T18:07:06","slug":"cedric-megroz","status":"publish","type":"page","link":"https:\/\/www.virtualementvotre.ch\/blog\/cedric-megroz\/","title":{"rendered":"BIO"},"content":{"rendered":"<h2>C\u00e9dric M\u00e9groz<\/h2>\n<p><strong>Team Leader pour l&#8217;\u00e9quipe datacenter de Bechtle Suisse Romande<br \/>\n<\/strong><\/p>\n<p><strong>VMware vExpert 2012 &#8211; 2013 &#8211; 2014 &#8211; 2015 &#8211; 2016 &#8211; 2017 &#8211; 2018<br \/>\n<\/strong><\/p>\n<p>Je travaille dans le monde de l\u2019IT, depuis une vingtaine d\u2019ann\u00e9es.<\/p>\n<p>J\u2019ai d\u00e9couvert la virtualisation d\u00e8s 2003, avec une des premi\u00e8res versions de VMware Workstation.<\/p>\n<p>D\u00e8s 2006, apr\u00e8s ma premi\u00e8re certification VCP (VMware Certified Professional) , j\u2019ai eu l\u2019occasion de mettre en place et migrer des infrastructures virtuelles avec les versions ESX, puis ESXi.<\/p>\n<p>En parall\u00e8le, et vu que c\u2019est compl\u00e9tement li\u00e9, j\u2019ai d\u00e9velopp\u00e9 mes comp\u00e9tences sur les technologies du stockage.<\/p>\n<p>En 2009, on m\u2019a propos\u00e9 de faire ma certification VCI (VMware Certified Instructor), afin de donner des cours, pour le LANexpert Training Center et Digicomp Suisse Romande.<\/p>\n<p>Durant trois ans, j&#8217;ai agr\u00e9ment\u00e9 le blog VirtualGeek.CH, de mes articles, afin de partager mes comp\u00e9tences.<\/p>\n<p>En 2014, j&#8217;ai d\u00e9cid\u00e9 de voler de mes propres ailes et je vous propose donc mes articles sous l\u2019enseigne VirtualementVotre.CH<\/p>\n<p><strong>VCP 2 -&gt; 6, ex-VCI, MCITP Ent &amp; Virtu, MCSA 2012, MCSE Private Cloud, NetApp NCDA &amp; NCIE, ZCP, VCE-CIA, Nutanix NPSE &amp; NPP 4<br \/>\n<\/strong><\/p>\n<p>cedric@virtualementvotre.ch<br \/>\ntwitter : <a href=\"http:\/\/www.twitter.com\/@cmegroz\" target=\"_blank\" rel=\"noopener\">@cmegroz<\/a><br \/>\nabout.me: <a title=\"About C\u00e9dric M\u00e9groz\" href=\"http:\/\/about.me\/cmegroz\" target=\"_blank\" rel=\"noopener\">Cedric Megroz<\/a><\/p>\n<p><a title=\"Le groupe Linked'in VirtualementVotre.CH\" href=\"http:\/\/www.linkedin.com\/groups?home=&amp;gid=7464025&amp;trk=anet_ug_hm&amp;goback=.gmr_7464025.gde_7464025_member_5844768081494179844\" target=\"_blank\" rel=\"noopener\">Inscrivez-vous sur le groupe Linked&#8217;in VirtualementVotre.ch<\/a><\/p>\n<p style=\"text-align: right;\"><a href=\"https:\/\/i0.wp.com\/www.virtualementvotre.ch\/blog\/wp-content\/uploads\/2012\/03\/CMZBlogger1.jpg\"><img data-recalc-dims=\"1\" loading=\"lazy\" decoding=\"async\" class=\"alignleft wp-image-749\" src=\"https:\/\/i0.wp.com\/www.virtualementvotre.ch\/blog\/wp-content\/uploads\/2012\/03\/VMW-LGO-VCP2-5.png?resize=142%2C164\" alt=\"VMW-LGO-VCP2-5\" width=\"142\" height=\"164\" \/><\/a><img data-recalc-dims=\"1\" loading=\"lazy\" decoding=\"async\" class=\" wp-image-1322 alignleft\" src=\"https:\/\/i0.wp.com\/www.virtualementvotre.ch\/blog\/wp-content\/uploads\/2018\/03\/vExpert-2018-Badge.png?resize=224%2C152\" alt=\"\" width=\"224\" height=\"152\" \/><a href=\"https:\/\/i0.wp.com\/www.virtualementvotre.ch\/blog\/wp-content\/uploads\/2012\/03\/NPN_NPP.png\"><img data-recalc-dims=\"1\" loading=\"lazy\" decoding=\"async\" class=\"wp-image-1099 alignleft\" src=\"https:\/\/i0.wp.com\/www.virtualementvotre.ch\/blog\/wp-content\/uploads\/2012\/03\/NPN_NPP.png?resize=305%2C158\" alt=\"NPN_NPP\" width=\"305\" height=\"158\" \/><\/a><a href=\"https:\/\/i0.wp.com\/www.virtualementvotre.ch\/blog\/wp-content\/uploads\/2012\/03\/CMZBlogger1.jpg\"><img data-recalc-dims=\"1\" loading=\"lazy\" decoding=\"async\" class=\"alignnone size-large wp-image-91\" src=\"https:\/\/i0.wp.com\/www.virtualementvotre.ch\/blog\/wp-content\/uploads\/2012\/03\/CMZBlogger1-1024x576.jpg?resize=530%2C298\" alt=\"CMZBlogger\" width=\"530\" height=\"298\" srcset=\"https:\/\/i0.wp.com\/www.virtualementvotre.ch\/blog\/wp-content\/uploads\/2012\/03\/CMZBlogger1.jpg?resize=1024%2C576&amp;ssl=1 1024w, https:\/\/i0.wp.com\/www.virtualementvotre.ch\/blog\/wp-content\/uploads\/2012\/03\/CMZBlogger1.jpg?resize=300%2C168&amp;ssl=1 300w, https:\/\/i0.wp.com\/www.virtualementvotre.ch\/blog\/wp-content\/uploads\/2012\/03\/CMZBlogger1.jpg?w=1590&amp;ssl=1 1590w\" sizes=\"auto, (max-width: 530px) 100vw, 530px\" \/><\/a><img data-recalc-dims=\"1\" loading=\"lazy\" decoding=\"async\" class=\"alignleft\" src=\"https:\/\/i0.wp.com\/www.blogwithintegrity.com\/badges\/BWI_125sq.jpg?resize=118%2C118\" alt=\"\" width=\"118\" height=\"118\" \/><\/p>\n<p style=\"text-align: right;\">\n","protected":false},"excerpt":{"rendered":"<p>C\u00e9dric M\u00e9groz Team Leader pour l&#8217;\u00e9quipe datacenter de Bechtle Suisse Romande VMware vExpert 2012 &#8211; 2013 &#8211; 2014 &#8211; 2015 &#8211; 2016 &#8211; 2017 &#8211; 2018 Je travaille dans le monde de l\u2019IT, depuis une vingtaine d\u2019ann\u00e9es. J\u2019ai d\u00e9couvert la virtualisation d\u00e8s 2003, avec une des premi\u00e8res versions de VMware Workstation. D\u00e8s 2006, apr\u00e8s ma premi\u00e8re certification VCP (VMware Certified <a class=\"more-link\" href=\"https:\/\/www.virtualementvotre.ch\/blog\/cedric-megroz\/\">Continue reading <span class=\"screen-reader-text\">  BIO<\/span><span class=\"meta-nav\">&rarr;<\/span><\/a><\/p>\n","protected":false},"author":1,"featured_media":0,"parent":0,"menu_order":0,"comment_status":"open","ping_status":"open","template":"","meta":{"jetpack_post_was_ever_published":false,"footnotes":""},"class_list":["post-2","page","type-page","status-publish","hentry"],"aioseo_notices":[],"jetpack_shortlink":"https:\/\/wp.me\/P4KzU1-2","jetpack-related-posts":[{"id":372,"url":"https:\/\/www.virtualementvotre.ch\/blog\/tools\/","url_meta":{"origin":2,"position":0},"title":"TOOLS","author":"Cedric Megroz","date":"13\/03\/2014","format":false,"excerpt":"Bonjour, Voici un inventaire d'outils gratuits tr\u00e8s pratiques: VMware: VMware Converter https:\/\/my.vmware.com\/web\/vmware\/evalcenter?p=converter Download CPU Identification Utility CPU Identification Utility Outil pratique pour connaitre la version de CPU de nos serveurs et les compatibilit\u00e9s. https:\/\/my.vmware.com\/web\/vmware\/details?productId=136&downloadGroup=CPU%20Identification%20Utility Outils de contr\u00f4le de votre serveur Il est conseill\u00e9 de faire tourner plusieurs heures, l'outil memtest,\u2026","rel":"","context":"With 1 comment","block_context":{"text":"With 1 comment","link":"https:\/\/www.virtualementvotre.ch\/blog\/tools\/#comments"},"img":{"alt_text":"converter","src":"https:\/\/i0.wp.com\/www.virtualementvotre.ch\/blog\/wp-content\/uploads\/2014\/03\/converter.png?resize=350%2C200","width":350,"height":200},"classes":[]},{"id":382,"url":"https:\/\/www.virtualementvotre.ch\/blog\/formations-et-labs\/","url_meta":{"origin":2,"position":1},"title":"FORMATIONS et LABS","author":"Cedric Megroz","date":"15\/03\/2014","format":false,"excerpt":"Bonjour, Voici l'inventaire des sites de formations et Labs. VMware: http:\/\/vmwarelearning.com\/ http:\/\/labs.hol.vmware.com http:\/\/vmwarewalkthroughs.com\/ http:\/\/mylearn.vmware.com\/mgrReg\/plan.cfm?plan=33611&ui=www_edu http:\/\/www.vmworld.com\/community\/sessions\/2014\/ ----------------------------------------------------------------------- Veeam: http:\/\/www.backupacademy.com\/ ----------------------------------------------------------------------- NetApp Lab on Demand: https:\/\/labondemand.netapp.com\/login.php\u00a0 => Lab on Demand Partner Only ----------------------------------------------------------------------- EMC: https:\/\/portal.demoemc.com\/reg-login\/login.html\u00a0 => vLab EMC Partner Only http:\/\/www.emc.com\/products\/interoperability\/topology-resource-center.htm ----------------------------------------------------------------------- Finalement un site de formation payant, mais tr\u00e8s complet pluralsight\u2026","rel":"","context":"Similar post","block_context":{"text":"Similar post","link":""},"img":{"alt_text":"HoL","src":"https:\/\/i0.wp.com\/www.virtualementvotre.ch\/blog\/wp-content\/uploads\/2014\/03\/HoL.png?resize=350%2C200","width":350,"height":200},"classes":[]}],"jetpack_sharing_enabled":true,"_links":{"self":[{"href":"https:\/\/www.virtualementvotre.ch\/blog\/wp-json\/wp\/v2\/pages\/2","targetHints":{"allow":["GET"]}}],"collection":[{"href":"https:\/\/www.virtualementvotre.ch\/blog\/wp-json\/wp\/v2\/pages"}],"about":[{"href":"https:\/\/www.virtualementvotre.ch\/blog\/wp-json\/wp\/v2\/types\/page"}],"author":[{"embeddable":true,"href":"https:\/\/www.virtualementvotre.ch\/blog\/wp-json\/wp\/v2\/users\/1"}],"replies":[{"embeddable":true,"href":"https:\/\/www.virtualementvotre.ch\/blog\/wp-json\/wp\/v2\/comments?post=2"}],"version-history":[{"count":46,"href":"https:\/\/www.virtualementvotre.ch\/blog\/wp-json\/wp\/v2\/pages\/2\/revisions"}],"predecessor-version":[{"id":1455,"href":"https:\/\/www.virtualementvotre.ch\/blog\/wp-json\/wp\/v2\/pages\/2\/revisions\/1455"}],"wp:attachment":[{"href":"https:\/\/www.virtualementvotre.ch\/blog\/wp-json\/wp\/v2\/media?parent=2"}],"curies":[{"name":"wp","href":"https:\/\/api.w.org\/{rel}","templated":true}]}}