{"id":382,"date":"2014-03-15T14:07:15","date_gmt":"2014-03-15T13:07:15","guid":{"rendered":"http:\/\/www.virtualementvotre.ch\/blog\/?page_id=382"},"modified":"2014-11-26T05:18:01","modified_gmt":"2014-11-26T04:18:01","slug":"formations-et-labs","status":"publish","type":"page","link":"https:\/\/www.virtualementvotre.ch\/blog\/formations-et-labs\/","title":{"rendered":"FORMATIONS et LABS"},"content":{"rendered":"<p>Bonjour,<\/p>\n<p>Voici l&#8217;inventaire des sites de formations et Labs.<\/p>\n<p><strong>VMware:<\/strong><\/p>\n<p><a title=\"VMware Learning Site\" href=\"http:\/\/vmwarelearning.com\/\" target=\"_blank\">http:\/\/vmwarelearning.com\/<\/a><\/p>\n<p><a title=\"Hand on Lab de VMware\" href=\"http:\/\/labs.hol.vmware.com\/\" target=\"_blank\">http:\/\/labs.hol.vmware.com<\/a><\/p>\n<p><a title=\"vmware walkthroughs des d\u00e9mos sympas\" href=\"http:\/\/vmwarewalkthroughs.com\/\" target=\"_blank\">http:\/\/vmwarewalkthroughs.com\/<\/a><\/p>\n<p><a title=\"Free Self-paced eLearning\" href=\"http:\/\/mylearn.vmware.com\/mgrReg\/plan.cfm?plan=33611&amp;ui=www_edu\" target=\"_blank\">http:\/\/mylearn.vmware.com\/mgrReg\/plan.cfm?plan=33611&amp;ui=www_edu<\/a><\/p>\n<p><a href=\"http:\/\/www.vmworld.com\/community\/sessions\/2014\/\" target=\"_blank\">http:\/\/www.vmworld.com\/community\/sessions\/2014\/<\/a><\/p>\n<p><a href=\"https:\/\/i0.wp.com\/www.virtualementvotre.ch\/blog\/wp-content\/uploads\/2014\/03\/HoL.png\"><img data-recalc-dims=\"1\" loading=\"lazy\" decoding=\"async\" class=\"alignnone  wp-image-391\" src=\"https:\/\/i0.wp.com\/www.virtualementvotre.ch\/blog\/wp-content\/uploads\/2014\/03\/HoL.png?resize=183%2C43\" alt=\"HoL\" width=\"183\" height=\"43\" \/><\/a><\/p>\n<p>&#8212;&#8212;&#8212;&#8212;&#8212;&#8212;&#8212;&#8212;&#8212;&#8212;&#8212;&#8212;&#8212;&#8212;&#8212;&#8212;&#8212;&#8212;&#8212;&#8212;&#8212;&#8212;&#8212;&#8211;<\/p>\n<p><strong>Veeam:<\/strong><\/p>\n<p><a title=\"Backup Academy\" href=\"http:\/\/www.backupacademy.com\/\" target=\"_blank\">http:\/\/www.backupacademy.com\/<\/a><\/p>\n<p><a href=\"https:\/\/i0.wp.com\/www.virtualementvotre.ch\/blog\/wp-content\/uploads\/2014\/03\/backupacademy.png\"><img data-recalc-dims=\"1\" loading=\"lazy\" decoding=\"async\" class=\"alignnone size-full wp-image-394\" src=\"https:\/\/i0.wp.com\/www.virtualementvotre.ch\/blog\/wp-content\/uploads\/2014\/03\/backupacademy.png?resize=103%2C54\" alt=\"backupacademy\" width=\"103\" height=\"54\" \/><\/a><\/p>\n<p>&#8212;&#8212;&#8212;&#8212;&#8212;&#8212;&#8212;&#8212;&#8212;&#8212;&#8212;&#8212;&#8212;&#8212;&#8212;&#8212;&#8212;&#8212;&#8212;&#8212;&#8212;&#8212;&#8212;&#8211;<\/p>\n<p><strong>NetApp Lab on Demand:<\/strong><\/p>\n<p><a title=\"Lab on Demand NetApp\" href=\"https:\/\/labondemand.netapp.com\/login.php\" target=\"_blank\">https:\/\/labondemand.netapp.com\/login.php<\/a>\u00a0 =&gt; Lab on Demand Partner Only<\/p>\n<p><a href=\"https:\/\/i0.wp.com\/www.virtualementvotre.ch\/blog\/wp-content\/uploads\/2014\/03\/netapp.png\"><img data-recalc-dims=\"1\" loading=\"lazy\" decoding=\"async\" class=\"alignnone size-full wp-image-395\" src=\"https:\/\/i0.wp.com\/www.virtualementvotre.ch\/blog\/wp-content\/uploads\/2014\/03\/netapp.png?resize=77%2C91\" alt=\"netapp\" width=\"77\" height=\"91\" \/><\/a><\/p>\n<p>&#8212;&#8212;&#8212;&#8212;&#8212;&#8212;&#8212;&#8212;&#8212;&#8212;&#8212;&#8212;&#8212;&#8212;&#8212;&#8212;&#8212;&#8212;&#8212;&#8212;&#8212;&#8212;&#8212;&#8211;<\/p>\n<p><strong>EMC:<\/strong><\/p>\n<p><a title=\"vLab EMC Partner Only\" href=\"https:\/\/portal.demoemc.com\/reg-login\/login.html\" target=\"_blank\">https:\/\/portal.demoemc.com\/reg-login\/login.html<\/a>\u00a0 =&gt; vLab EMC Partner Only<\/p>\n<p><a title=\"EMC TechBooks\" href=\"http:\/\/www.emc.com\/products\/interoperability\/topology-resource-center.htm\" target=\"_blank\">http:\/\/www.emc.com\/products\/interoperability\/topology-resource-center.htm<\/a><\/p>\n<p><a href=\"https:\/\/i0.wp.com\/www.virtualementvotre.ch\/blog\/wp-content\/uploads\/2014\/03\/emc.png\"><img data-recalc-dims=\"1\" loading=\"lazy\" decoding=\"async\" class=\"alignnone size-full wp-image-396\" src=\"https:\/\/i0.wp.com\/www.virtualementvotre.ch\/blog\/wp-content\/uploads\/2014\/03\/emc.png?resize=103%2C40\" alt=\"emc\" width=\"103\" height=\"40\" \/><\/a><\/p>\n<p>&#8212;&#8212;&#8212;&#8212;&#8212;&#8212;&#8212;&#8212;&#8212;&#8212;&#8212;&#8212;&#8212;&#8212;&#8212;&#8212;&#8212;&#8212;&#8212;&#8212;&#8212;&#8212;&#8212;&#8211;<\/p>\n<p>Finalement un site de formation payant, mais tr\u00e8s complet <strong>pluralsight<\/strong><\/p>\n<p><a title=\"pluralsight formations payantes\" href=\"http:\/\/www.pluralsight.com\" target=\"_blank\">http:\/\/www.pluralsight.com<\/a><\/p>\n<p><a href=\"https:\/\/i0.wp.com\/www.virtualementvotre.ch\/blog\/wp-content\/uploads\/2014\/03\/pluri.png\"><img data-recalc-dims=\"1\" loading=\"lazy\" decoding=\"async\" class=\"alignnone size-full wp-image-397\" src=\"https:\/\/i0.wp.com\/www.virtualementvotre.ch\/blog\/wp-content\/uploads\/2014\/03\/pluri.png?resize=189%2C54\" alt=\"pluri\" width=\"189\" height=\"54\" \/><\/a><\/p>\n","protected":false},"excerpt":{"rendered":"<p>Bonjour, Voici l&#8217;inventaire des sites de formations et Labs. VMware: http:\/\/vmwarelearning.com\/ http:\/\/labs.hol.vmware.com http:\/\/vmwarewalkthroughs.com\/ http:\/\/mylearn.vmware.com\/mgrReg\/plan.cfm?plan=33611&amp;ui=www_edu http:\/\/www.vmworld.com\/community\/sessions\/2014\/ &#8212;&#8212;&#8212;&#8212;&#8212;&#8212;&#8212;&#8212;&#8212;&#8212;&#8212;&#8212;&#8212;&#8212;&#8212;&#8212;&#8212;&#8212;&#8212;&#8212;&#8212;&#8212;&#8212;&#8211; Veeam: http:\/\/www.backupacademy.com\/ &#8212;&#8212;&#8212;&#8212;&#8212;&#8212;&#8212;&#8212;&#8212;&#8212;&#8212;&#8212;&#8212;&#8212;&#8212;&#8212;&#8212;&#8212;&#8212;&#8212;&#8212;&#8212;&#8212;&#8211; NetApp Lab on Demand: https:\/\/labondemand.netapp.com\/login.php\u00a0 =&gt; Lab on Demand Partner Only &#8212;&#8212;&#8212;&#8212;&#8212;&#8212;&#8212;&#8212;&#8212;&#8212;&#8212;&#8212;&#8212;&#8212;&#8212;&#8212;&#8212;&#8212;&#8212;&#8212;&#8212;&#8212;&#8212;&#8211; EMC: https:\/\/portal.demoemc.com\/reg-login\/login.html\u00a0 =&gt; vLab EMC Partner Only http:\/\/www.emc.com\/products\/interoperability\/topology-resource-center.htm &#8212;&#8212;&#8212;&#8212;&#8212;&#8212;&#8212;&#8212;&#8212;&#8212;&#8212;&#8212;&#8212;&#8212;&#8212;&#8212;&#8212;&#8212;&#8212;&#8212;&#8212;&#8212;&#8212;&#8211; Finalement un site de formation payant, mais tr\u00e8s complet pluralsight http:\/\/www.pluralsight.com<\/p>\n","protected":false},"author":1,"featured_media":391,"parent":0,"menu_order":0,"comment_status":"open","ping_status":"open","template":"","meta":{"jetpack_post_was_ever_published":false,"footnotes":""},"class_list":["post-382","page","type-page","status-publish","has-post-thumbnail","hentry"],"aioseo_notices":[],"jetpack_shortlink":"https:\/\/wp.me\/P4KzU1-6a","jetpack-related-posts":[{"id":372,"url":"https:\/\/www.virtualementvotre.ch\/blog\/tools\/","url_meta":{"origin":382,"position":0},"title":"TOOLS","author":"Cedric Megroz","date":"13\/03\/2014","format":false,"excerpt":"Bonjour, Voici un inventaire d'outils gratuits tr\u00e8s pratiques: VMware: VMware Converter https:\/\/my.vmware.com\/web\/vmware\/evalcenter?p=converter Download CPU Identification Utility CPU Identification Utility Outil pratique pour connaitre la version de CPU de nos serveurs et les compatibilit\u00e9s. https:\/\/my.vmware.com\/web\/vmware\/details?productId=136&downloadGroup=CPU%20Identification%20Utility Outils de contr\u00f4le de votre serveur Il est conseill\u00e9 de faire tourner plusieurs heures, l'outil memtest,\u2026","rel":"","context":"With 1 comment","block_context":{"text":"With 1 comment","link":"https:\/\/www.virtualementvotre.ch\/blog\/tools\/#comments"},"img":{"alt_text":"converter","src":"https:\/\/i0.wp.com\/www.virtualementvotre.ch\/blog\/wp-content\/uploads\/2014\/03\/converter.png?resize=350%2C200","width":350,"height":200},"classes":[]},{"id":2,"url":"https:\/\/www.virtualementvotre.ch\/blog\/cedric-megroz\/","url_meta":{"origin":382,"position":1},"title":"BIO","author":"Cedric Megroz","date":"27\/03\/2012","format":false,"excerpt":"C\u00e9dric M\u00e9groz Team Leader pour l'\u00e9quipe datacenter de Bechtle Suisse Romande VMware vExpert 2012 - 2013 - 2014 - 2015 - 2016 - 2017 - 2018 Je travaille dans le monde de l\u2019IT, depuis une vingtaine d\u2019ann\u00e9es. J\u2019ai d\u00e9couvert la virtualisation d\u00e8s 2003, avec une des premi\u00e8res versions de VMware\u2026","rel":"","context":"Similar post","block_context":{"text":"Similar post","link":""},"img":{"alt_text":"VMW-LGO-VCP2-5","src":"https:\/\/i0.wp.com\/www.virtualementvotre.ch\/blog\/wp-content\/uploads\/2012\/03\/VMW-LGO-VCP2-5.png?resize=350%2C200","width":350,"height":200},"classes":[]}],"jetpack_sharing_enabled":true,"_links":{"self":[{"href":"https:\/\/www.virtualementvotre.ch\/blog\/wp-json\/wp\/v2\/pages\/382","targetHints":{"allow":["GET"]}}],"collection":[{"href":"https:\/\/www.virtualementvotre.ch\/blog\/wp-json\/wp\/v2\/pages"}],"about":[{"href":"https:\/\/www.virtualementvotre.ch\/blog\/wp-json\/wp\/v2\/types\/page"}],"author":[{"embeddable":true,"href":"https:\/\/www.virtualementvotre.ch\/blog\/wp-json\/wp\/v2\/users\/1"}],"replies":[{"embeddable":true,"href":"https:\/\/www.virtualementvotre.ch\/blog\/wp-json\/wp\/v2\/comments?post=382"}],"version-history":[{"count":19,"href":"https:\/\/www.virtualementvotre.ch\/blog\/wp-json\/wp\/v2\/pages\/382\/revisions"}],"predecessor-version":[{"id":816,"href":"https:\/\/www.virtualementvotre.ch\/blog\/wp-json\/wp\/v2\/pages\/382\/revisions\/816"}],"wp:featuredmedia":[{"embeddable":true,"href":"https:\/\/www.virtualementvotre.ch\/blog\/wp-json\/wp\/v2\/media\/391"}],"wp:attachment":[{"href":"https:\/\/www.virtualementvotre.ch\/blog\/wp-json\/wp\/v2\/media?parent=382"}],"curies":[{"name":"wp","href":"https:\/\/api.w.org\/{rel}","templated":true}]}}